{"id":1750,"date":"2020-10-22T04:48:21","date_gmt":"2020-10-22T04:48:21","guid":{"rendered":"https:\/\/svetlananailsacademy.ro\/contact-2\/"},"modified":"2026-02-25T09:07:50","modified_gmt":"2026-02-25T09:07:50","slug":"contact-2","status":"publish","type":"page","link":"https:\/\/svetlananailsacademy.ro\/en\/contact-2\/","title":{"rendered":"Contact"},"content":{"rendered":"\t\t<div data-elementor-type=\"wp-page\" data-elementor-id=\"1750\" class=\"elementor elementor-1750\" data-elementor-post-type=\"page\">\n\t\t\t\t\t\t\t\t\t<section class=\"elementor-section elementor-top-section elementor-element elementor-element-d51d7d1 elementor-section-content-bottom elementor-section-boxed elementor-section-height-default elementor-section-height-default\" data-id=\"d51d7d1\" data-element_type=\"section\" data-settings=\"{&quot;background_background&quot;:&quot;classic&quot;}\">\n\t\t\t\t\t\t<div class=\"elementor-container elementor-column-gap-no\">\n\t\t\t\t\t<div class=\"elementor-column elementor-col-50 elementor-top-column elementor-element elementor-element-1b05fde\" data-id=\"1b05fde\" data-element_type=\"column\">\n\t\t\t<div class=\"elementor-widget-wrap elementor-element-populated\">\n\t\t\t\t\t\t\t\t<div class=\"elementor-element elementor-element-618b369 elementor-widget elementor-widget-heading\" data-id=\"618b369\" data-element_type=\"widget\" data-widget_type=\"heading.default\">\n\t\t\t\t<div class=\"elementor-widget-container\">\n\t\t\t<h1 class=\"elementor-heading-title elementor-size-default\">Contact<\/h1>\t\t<\/div>\n\t\t\t\t<\/div>\n\t\t\t\t\t<\/div>\n\t\t<\/div>\n\t\t\t\t<div class=\"elementor-column elementor-col-50 elementor-top-column elementor-element elementor-element-09f4736\" data-id=\"09f4736\" data-element_type=\"column\">\n\t\t\t<div class=\"elementor-widget-wrap elementor-element-populated\">\n\t\t\t\t\t\t\t\t<div class=\"elementor-element elementor-element-0626d98 e-grid-align-right e-grid-align-mobile-left elementor-shape-rounded elementor-grid-0 elementor-widget elementor-widget-social-icons\" data-id=\"0626d98\" data-element_type=\"widget\" data-widget_type=\"social-icons.default\">\n\t\t\t\t<div class=\"elementor-widget-container\">\n\t\t\t\t\t<div class=\"elementor-social-icons-wrapper elementor-grid\">\n\t\t\t\t\t\t\t<span class=\"elementor-grid-item\">\n\t\t\t\t\t<a class=\"elementor-icon elementor-social-icon elementor-social-icon-facebook elementor-repeater-item-2fd2991\" href=\"https:\/\/www.facebook.com\/SvetlanaAcademy\" target=\"_blank\">\n\t\t\t\t\t\t<span class=\"elementor-screen-only\">Facebook<\/span>\n\t\t\t\t\t\t<i class=\"fab fa-facebook\"><\/i>\t\t\t\t\t<\/a>\n\t\t\t\t<\/span>\n\t\t\t\t\t\t\t<span class=\"elementor-grid-item\">\n\t\t\t\t\t<a class=\"elementor-icon elementor-social-icon elementor-social-icon-instagram elementor-repeater-item-98e3510\" href=\"https:\/\/www.instagram.com\/svetlananailsacademy\/\" target=\"_blank\">\n\t\t\t\t\t\t<span class=\"elementor-screen-only\">Instagram<\/span>\n\t\t\t\t\t\t<i class=\"fab fa-instagram\"><\/i>\t\t\t\t\t<\/a>\n\t\t\t\t<\/span>\n\t\t\t\t\t<\/div>\n\t\t\t\t<\/div>\n\t\t\t\t<\/div>\n\t\t\t\t\t<\/div>\n\t\t<\/div>\n\t\t\t\t\t\t\t<\/div>\n\t\t<\/section>\n\t\t\t\t<section class=\"elementor-section elementor-top-section elementor-element elementor-element-45b1d41 elementor-section-boxed elementor-section-height-default elementor-section-height-default\" data-id=\"45b1d41\" data-element_type=\"section\">\n\t\t\t\t\t\t\t<div class=\"elementor-background-overlay\"><\/div>\n\t\t\t\t\t\t\t<div class=\"elementor-container elementor-column-gap-no\">\n\t\t\t\t\t<div class=\"elementor-column elementor-col-25 elementor-top-column elementor-element elementor-element-36c73e8\" data-id=\"36c73e8\" data-element_type=\"column\">\n\t\t\t<div class=\"elementor-widget-wrap elementor-element-populated\">\n\t\t\t\t\t\t\t\t<div class=\"elementor-element elementor-element-08d52cf elementor-position-left elementor-view-default elementor-mobile-position-top elementor-vertical-align-top elementor-widget elementor-widget-icon-box\" data-id=\"08d52cf\" data-element_type=\"widget\" data-widget_type=\"icon-box.default\">\n\t\t\t\t<div class=\"elementor-widget-container\">\n\t\t\t\t\t<div class=\"elementor-icon-box-wrapper\">\n\t\t\t\t\t\t<div class=\"elementor-icon-box-icon\">\n\t\t\t\t<a href=\"https:\/\/www.google.com\/maps?q=Strada+Iris+23-21,+Timi%C8%99oara+307221&#038;ftid=0x47455dc5fb9a0399:0xbba3239f87d45bb2&#038;hl=ro-RO&#038;gl=ro&#038;entry=gps&#038;lucs=s2se,a2&#038;shorturl=1\" class=\"elementor-icon elementor-animation-\" tabindex=\"-1\">\n\t\t\t\t<i aria-hidden=\"true\" class=\"fas fa-home\"><\/i>\t\t\t\t<\/a>\n\t\t\t<\/div>\n\t\t\t\t\t\t<div class=\"elementor-icon-box-content\">\n\t\t\t\t<h6 class=\"elementor-icon-box-title\">\n\t\t\t\t\t<a href=\"https:\/\/www.google.com\/maps?q=Strada+Iris+23-21,+Timi%C8%99oara+307221&#038;ftid=0x47455dc5fb9a0399:0xbba3239f87d45bb2&#038;hl=ro-RO&#038;gl=ro&#038;entry=gps&#038;lucs=s2se,a2&#038;shorturl=1\" >\n\t\t\t\t\t\tLoca\u021bia noastr\u0103\t\t\t\t\t<\/a>\n\t\t\t\t<\/h6>\n\t\t\t\t\t\t\t\t\t<p class=\"elementor-icon-box-description\">\n\t\t\t\t\t\tGiroc, str. Iris, nr.8\t\t\t\t\t<\/p>\n\t\t\t\t\t\t\t<\/div>\n\t\t<\/div>\n\t\t\t\t<\/div>\n\t\t\t\t<\/div>\n\t\t\t\t\t<\/div>\n\t\t<\/div>\n\t\t\t\t<div class=\"elementor-column elementor-col-25 elementor-top-column elementor-element elementor-element-337f1cc\" data-id=\"337f1cc\" data-element_type=\"column\">\n\t\t\t<div class=\"elementor-widget-wrap elementor-element-populated\">\n\t\t\t\t\t\t\t\t<div class=\"elementor-element elementor-element-d782479 elementor-position-left elementor-view-default elementor-mobile-position-top elementor-vertical-align-top elementor-widget elementor-widget-icon-box\" data-id=\"d782479\" data-element_type=\"widget\" data-widget_type=\"icon-box.default\">\n\t\t\t\t<div class=\"elementor-widget-container\">\n\t\t\t\t\t<div class=\"elementor-icon-box-wrapper\">\n\t\t\t\t\t\t<div class=\"elementor-icon-box-icon\">\n\t\t\t\t<a href=\"tel:0752121407\" class=\"elementor-icon elementor-animation-\" tabindex=\"-1\">\n\t\t\t\t<i aria-hidden=\"true\" class=\"fas fa-phone\"><\/i>\t\t\t\t<\/a>\n\t\t\t<\/div>\n\t\t\t\t\t\t<div class=\"elementor-icon-box-content\">\n\t\t\t\t<h6 class=\"elementor-icon-box-title\">\n\t\t\t\t\t<a href=\"tel:0752121407\" >\n\t\t\t\t\t\tNum\u0103r contact\t\t\t\t\t<\/a>\n\t\t\t\t<\/h6>\n\t\t\t\t\t\t\t\t\t<p class=\"elementor-icon-box-description\">\n\t\t\t\t\t\t0752 121 407\t\t\t\t\t<\/p>\n\t\t\t\t\t\t\t<\/div>\n\t\t<\/div>\n\t\t\t\t<\/div>\n\t\t\t\t<\/div>\n\t\t\t\t\t<\/div>\n\t\t<\/div>\n\t\t\t\t<div class=\"elementor-column elementor-col-50 elementor-top-column elementor-element elementor-element-63b2442\" data-id=\"63b2442\" data-element_type=\"column\">\n\t\t\t<div class=\"elementor-widget-wrap elementor-element-populated\">\n\t\t\t\t\t\t\t\t<div class=\"elementor-element elementor-element-ed0c655 elementor-position-left elementor-view-default elementor-mobile-position-top elementor-vertical-align-top elementor-widget elementor-widget-icon-box\" data-id=\"ed0c655\" data-element_type=\"widget\" data-widget_type=\"icon-box.default\">\n\t\t\t\t<div class=\"elementor-widget-container\">\n\t\t\t\t\t<div class=\"elementor-icon-box-wrapper\">\n\t\t\t\t\t\t<div class=\"elementor-icon-box-icon\">\n\t\t\t\t<span  class=\"elementor-icon elementor-animation-\">\n\t\t\t\t<i aria-hidden=\"true\" class=\"fas fa-envelope\"><\/i>\t\t\t\t<\/span>\n\t\t\t<\/div>\n\t\t\t\t\t\t<div class=\"elementor-icon-box-content\">\n\t\t\t\t<h6 class=\"elementor-icon-box-title\">\n\t\t\t\t\t<span  >\n\t\t\t\t\t\tL\u0103sa\u021bi-ne un mail\t\t\t\t\t<\/span>\n\t\t\t\t<\/h6>\n\t\t\t\t\t\t\t<\/div>\n\t\t<\/div>\n\t\t\t\t<\/div>\n\t\t\t\t<\/div>\n\t\t\t\t<div class=\"elementor-element elementor-element-edbd1da elementor-mobile-align-left elementor-widget elementor-widget-button\" data-id=\"edbd1da\" data-element_type=\"widget\" data-widget_type=\"button.default\">\n\t\t\t\t<div class=\"elementor-widget-container\">\n\t\t\t\t\t<div class=\"elementor-button-wrapper\">\n\t\t\t<a class=\"elementor-button elementor-button-link elementor-size-sm\" href=\"mailto:manumarip@yahoo.com\">\n\t\t\t\t\t\t<span class=\"elementor-button-content-wrapper\">\n\t\t\t\t\t\t<span class=\"elementor-button-icon elementor-align-icon-right\">\n\t\t\t\t<svg xmlns=\"http:\/\/www.w3.org\/2000\/svg\" xmlns:xlink=\"http:\/\/www.w3.org\/1999\/xlink\" xmlns:serif=\"http:\/\/www.serif.com\/\" width=\"100%\" height=\"100%\" viewBox=\"0 0 24 14\" xml:space=\"preserve\" style=\"fill-rule:evenodd;clip-rule:evenodd;stroke-linejoin:round;stroke-miterlimit:2;\"><path d=\"M23.004,6.025l-5.486,-5.486c-0.258,-0.258 -0.609,-0.403 -0.974,-0.403c-0.755,0 -1.377,0.621 -1.377,1.377c0,0.364 0.146,0.716 0.404,0.973l3.154,3.141l-16.749,0c-0.751,0 -1.371,0.62 -1.371,1.372c0,0.753 0.62,1.371 1.371,1.371l16.749,0l-3.154,3.141c-0.26,0.258 -0.406,0.609 -0.406,0.974c0,0.366 0.146,0.717 0.406,0.973c0.258,0.26 0.607,0.406 0.973,0.406c0.367,0 0.716,-0.146 0.974,-0.406l5.486,-5.486c0.125,-0.13 0.222,-0.284 0.288,-0.452c0.137,-0.333 0.137,-0.708 0,-1.043c-0.066,-0.168 -0.163,-0.322 -0.288,-0.452Z\" style=\"fill-rule:nonzero;\"><\/path><\/svg>\t\t\t<\/span>\n\t\t\t\t\t\t<span class=\"elementor-button-text\">manumarip@yahoo.com<\/span>\n\t\t<\/span>\n\t\t\t\t\t<\/a>\n\t\t<\/div>\n\t\t\t\t<\/div>\n\t\t\t\t<\/div>\n\t\t\t\t\t<\/div>\n\t\t<\/div>\n\t\t\t\t\t\t\t<\/div>\n\t\t<\/section>\n\t\t\t\t<section class=\"elementor-section elementor-top-section elementor-element elementor-element-a3976f3 elementor-section-boxed elementor-section-height-default elementor-section-height-default\" data-id=\"a3976f3\" data-element_type=\"section\">\n\t\t\t\t\t\t\t<div class=\"elementor-background-overlay\"><\/div>\n\t\t\t\t\t\t\t<div class=\"elementor-container elementor-column-gap-no\">\n\t\t\t\t\t<div class=\"elementor-column elementor-col-50 elementor-top-column elementor-element elementor-element-2e44b72\" data-id=\"2e44b72\" data-element_type=\"column\">\n\t\t\t<div class=\"elementor-widget-wrap elementor-element-populated\">\n\t\t\t\t\t\t\t\t<div class=\"elementor-element elementor-element-aba2190 elementor-widget elementor-widget-heading\" data-id=\"aba2190\" data-element_type=\"widget\" data-widget_type=\"heading.default\">\n\t\t\t\t<div class=\"elementor-widget-container\">\n\t\t\t<h3 class=\"elementor-heading-title elementor-size-default\">Trimite-\u021bi un mesaj<\/h3>\t\t<\/div>\n\t\t\t\t<\/div>\n\t\t\t\t<div class=\"elementor-element elementor-element-651bd7a elementor-widget elementor-widget-text-editor\" data-id=\"651bd7a\" data-element_type=\"widget\" data-widget_type=\"text-editor.default\">\n\t\t\t\t<div class=\"elementor-widget-container\">\n\t\t\t\t\t\t\tPentru orice informatii va stam la dispozitie prin completarea formularului de mai jos.\t\t\t\t\t\t<\/div>\n\t\t\t\t<\/div>\n\t\t\t\t<div class=\"elementor-element elementor-element-0cecfe5 elementor-widget elementor-widget-wpforms\" data-id=\"0cecfe5\" data-element_type=\"widget\" data-widget_type=\"wpforms.default\">\n\t\t\t\t<div class=\"elementor-widget-container\">\n\t\t\t<div class=\"wpforms-container \" id=\"wpforms-1691\"><form id=\"wpforms-form-1691\" class=\"wpforms-validate wpforms-form\" data-formid=\"1691\" method=\"post\" enctype=\"multipart\/form-data\" action=\"\/en\/wp-json\/wp\/v2\/pages\/1750\" data-token=\"6187191086175077524f208bad2ac84f\" data-token-time=\"1775394760\"><noscript class=\"wpforms-error-noscript\">Please enable JavaScript in your browser to complete this form.<\/noscript><div class=\"wpforms-field-container\"><div id=\"wpforms-1691-field_0-container\" class=\"wpforms-field wpforms-field-name\" data-field-id=\"0\"><label class=\"wpforms-field-label\" for=\"wpforms-1691-field_0\">Nume \u0219i Prenume <span class=\"wpforms-required-label\">*<\/span><\/label><input type=\"text\" id=\"wpforms-1691-field_0\" class=\"wpforms-field-large wpforms-field-required\" name=\"wpforms[fields][0]\" required><\/div><div id=\"wpforms-1691-field_1-container\" class=\"wpforms-field wpforms-field-email\" data-field-id=\"1\"><label class=\"wpforms-field-label\" for=\"wpforms-1691-field_1\">Adres\u0103 email <span class=\"wpforms-required-label\">*<\/span><\/label><input type=\"email\" id=\"wpforms-1691-field_1\" class=\"wpforms-field-large wpforms-field-required\" name=\"wpforms[fields][1]\" spellcheck=\"false\" required><\/div><div id=\"wpforms-1691-field_3-container\" class=\"wpforms-field wpforms-field-text\" data-field-id=\"3\"><label class=\"wpforms-field-label\" for=\"wpforms-1691-field_3\">Num\u0103r contact <span class=\"wpforms-required-label\">*<\/span><\/label><input type=\"text\" id=\"wpforms-1691-field_3\" class=\"wpforms-field-large wpforms-field-required\" name=\"wpforms[fields][3]\" required><\/div><div id=\"wpforms-1691-field_2-container\" class=\"wpforms-field wpforms-field-textarea\" data-field-id=\"2\"><label class=\"wpforms-field-label\" for=\"wpforms-1691-field_2\">Mesajul tau <span class=\"wpforms-required-label\">*<\/span><\/label><textarea id=\"wpforms-1691-field_2\" class=\"wpforms-field-medium wpforms-field-required\" name=\"wpforms[fields][2]\" required><\/textarea><\/div><\/div><!-- .wpforms-field-container --><div class=\"wpforms-submit-container\" ><input type=\"hidden\" name=\"wpforms[id]\" value=\"1691\"><input type=\"hidden\" name=\"page_title\" value=\"\"><input type=\"hidden\" name=\"page_url\" value=\"https:\/\/svetlananailsacademy.ro\/en\/wp-json\/wp\/v2\/pages\/1750\"><input type=\"hidden\" name=\"url_referer\" value=\"\"><button type=\"submit\" name=\"wpforms[submit]\" id=\"wpforms-submit-1691\" class=\"wpforms-submit\" data-alt-text=\"Trimitere...\" data-submit-text=\"Trimite\" aria-live=\"assertive\" value=\"wpforms-submit\">Trimite<\/button><\/div><\/form><\/div>  <!-- .wpforms-container -->\t\t<\/div>\n\t\t\t\t<\/div>\n\t\t\t\t\t<\/div>\n\t\t<\/div>\n\t\t\t\t<div class=\"elementor-column elementor-col-50 elementor-top-column elementor-element elementor-element-1af6a52\" data-id=\"1af6a52\" data-element_type=\"column\">\n\t\t\t<div class=\"elementor-widget-wrap elementor-element-populated\">\n\t\t\t\t\t\t\t\t<div class=\"elementor-element elementor-element-c83ac0e elementor-widget elementor-widget-google_maps\" data-id=\"c83ac0e\" data-element_type=\"widget\" data-widget_type=\"google_maps.default\">\n\t\t\t\t<div class=\"elementor-widget-container\">\n\t\t\t\t\t<div class=\"elementor-custom-embed\">\n\t\t\t<iframe loading=\"lazy\"\n\t\t\t\t\tsrc=\"https:\/\/maps.google.com\/maps?q=Strada%20Iris%208%2C%20Timi%C8%99oara%20307221&#038;t=m&#038;z=16&#038;output=embed&#038;iwloc=near\"\n\t\t\t\t\ttitle=\"Strada Iris 8, Timi\u0219oara 307221\"\n\t\t\t\t\taria-label=\"Strada Iris 8, Timi\u0219oara 307221\"\n\t\t\t><\/iframe>\n\t\t<\/div>\n\t\t\t\t<\/div>\n\t\t\t\t<\/div>\n\t\t\t\t\t<\/div>\n\t\t<\/div>\n\t\t\t\t\t\t\t<\/div>\n\t\t<\/section>\n\t\t\t\t\t\t\t<\/div>\n\t\t","protected":false},"excerpt":{"rendered":"<p>Contact Facebook Instagram Loca\u021bia noastr\u0103 Giroc, str. Iris, nr.8 Num\u0103r contact 0752 121 407 L\u0103sa\u021bi-ne un mail manumarip@yahoo.com Trimite-\u021bi un mesaj Pentru orice informatii va stam la dispozitie prin completarea formularului de mai jos. Please enable JavaScript in your browser to complete this form.Nume \u0219i Prenume *Adres\u0103 email *Num\u0103r contact *Mesajul tau * Trimite<\/p>","protected":false},"author":2,"featured_media":0,"parent":0,"menu_order":0,"comment_status":"closed","ping_status":"closed","template":"","meta":{"site-sidebar-layout":"no-sidebar","site-content-layout":"page-builder","ast-global-header-display":"","ast-main-header-display":"","ast-hfb-above-header-display":"","ast-hfb-below-header-display":"","ast-hfb-mobile-header-display":"","site-post-title":"disabled","ast-breadcrumbs-content":"","ast-featured-img":"disabled","footer-sml-layout":"","theme-transparent-header-meta":"enabled","adv-header-id-meta":"","stick-header-meta":"","header-above-stick-meta":"","header-main-stick-meta":"","header-below-stick-meta":"","footnotes":""},"class_list":["post-1750","page","type-page","status-publish","hentry"],"yoast_head":"<!-- This site is optimized with the Yoast SEO plugin v27.0 - https:\/\/yoast.com\/product\/yoast-seo-wordpress\/ -->\n<title>Contact - Svetlana Nails Academy<\/title>\n<meta name=\"robots\" content=\"index, follow, max-snippet:-1, max-image-preview:large, max-video-preview:-1\" \/>\n<link rel=\"canonical\" href=\"https:\/\/svetlananailsacademy.ro\/en\/contact-2\/\" \/>\n<meta property=\"og:locale\" content=\"en_US\" \/>\n<meta property=\"og:type\" content=\"article\" \/>\n<meta property=\"og:title\" content=\"Contact - Svetlana Nails Academy\" \/>\n<meta property=\"og:description\" content=\"Contact Facebook Instagram Loca\u021bia noastr\u0103 Giroc, str. Iris, nr.8 Num\u0103r contact 0752 121 407 L\u0103sa\u021bi-ne un mail manumarip@yahoo.com Trimite-\u021bi un mesaj Pentru orice informatii va stam la dispozitie prin completarea formularului de mai jos. Please enable JavaScript in your browser to complete this form.Nume \u0219i Prenume *Adres\u0103 email *Num\u0103r contact *Mesajul tau * Trimite\" \/>\n<meta property=\"og:url\" content=\"https:\/\/svetlananailsacademy.ro\/en\/contact-2\/\" \/>\n<meta property=\"og:site_name\" content=\"Svetlana Nails Academy\" \/>\n<meta property=\"article:publisher\" content=\"https:\/\/www.facebook.com\/SvetlanaAcademy\" \/>\n<meta property=\"article:modified_time\" content=\"2026-02-25T09:07:50+00:00\" \/>\n<meta property=\"og:image\" content=\"https:\/\/svetlananailsacademy.ro\/wp-content\/uploads\/2022\/03\/svetlana-png.png\" \/>\n\t<meta property=\"og:image:width\" content=\"1678\" \/>\n\t<meta property=\"og:image:height\" content=\"1181\" \/>\n\t<meta property=\"og:image:type\" content=\"image\/png\" \/>\n<meta name=\"twitter:card\" content=\"summary_large_image\" \/>\n<meta name=\"twitter:label1\" content=\"Est. reading time\" \/>\n\t<meta name=\"twitter:data1\" content=\"1 minute\" \/>\n<script type=\"application\/ld+json\" class=\"yoast-schema-graph\">{\"@context\":\"https:\/\/schema.org\",\"@graph\":[{\"@type\":\"WebPage\",\"@id\":\"https:\/\/svetlananailsacademy.ro\/contact-2\/\",\"url\":\"https:\/\/svetlananailsacademy.ro\/contact-2\/\",\"name\":\"Contact - Svetlana Nails Academy\",\"isPartOf\":{\"@id\":\"https:\/\/svetlananailsacademy.ro\/#website\"},\"datePublished\":\"2020-10-22T04:48:21+00:00\",\"dateModified\":\"2026-02-25T09:07:50+00:00\",\"breadcrumb\":{\"@id\":\"https:\/\/svetlananailsacademy.ro\/contact-2\/#breadcrumb\"},\"inLanguage\":\"en-US\",\"potentialAction\":[{\"@type\":\"ReadAction\",\"target\":[\"https:\/\/svetlananailsacademy.ro\/contact-2\/\"]}]},{\"@type\":\"BreadcrumbList\",\"@id\":\"https:\/\/svetlananailsacademy.ro\/contact-2\/#breadcrumb\",\"itemListElement\":[{\"@type\":\"ListItem\",\"position\":1,\"name\":\"Prima pagin\u0103\",\"item\":\"https:\/\/svetlananailsacademy.ro\/\"},{\"@type\":\"ListItem\",\"position\":2,\"name\":\"Contact\"}]},{\"@type\":\"WebSite\",\"@id\":\"https:\/\/svetlananailsacademy.ro\/#website\",\"url\":\"https:\/\/svetlananailsacademy.ro\/\",\"name\":\"Svetlana Nails Academy\",\"description\":\"Svetlana Nails Timisoara\",\"publisher\":{\"@id\":\"https:\/\/svetlananailsacademy.ro\/#organization\"},\"potentialAction\":[{\"@type\":\"SearchAction\",\"target\":{\"@type\":\"EntryPoint\",\"urlTemplate\":\"https:\/\/svetlananailsacademy.ro\/?s={search_term_string}\"},\"query-input\":{\"@type\":\"PropertyValueSpecification\",\"valueRequired\":true,\"valueName\":\"search_term_string\"}}],\"inLanguage\":\"en-US\"},{\"@type\":\"Organization\",\"@id\":\"https:\/\/svetlananailsacademy.ro\/#organization\",\"name\":\"Svetlana Nails Academy\",\"url\":\"https:\/\/svetlananailsacademy.ro\/\",\"logo\":{\"@type\":\"ImageObject\",\"inLanguage\":\"en-US\",\"@id\":\"https:\/\/svetlananailsacademy.ro\/#\/schema\/logo\/image\/\",\"url\":\"https:\/\/svetlananailsacademy.ro\/wp-content\/uploads\/2022\/03\/svetlana-png.png\",\"contentUrl\":\"https:\/\/svetlananailsacademy.ro\/wp-content\/uploads\/2022\/03\/svetlana-png.png\",\"width\":1678,\"height\":1181,\"caption\":\"Svetlana Nails Academy\"},\"image\":{\"@id\":\"https:\/\/svetlananailsacademy.ro\/#\/schema\/logo\/image\/\"},\"sameAs\":[\"https:\/\/www.facebook.com\/SvetlanaAcademy\",\"https:\/\/www.instagram.com\/svetlananailsacademy\/\"]}]}<\/script>\n<!-- \/ Yoast SEO plugin. -->","yoast_head_json":{"title":"Contact - Svetlana Nails Academy","robots":{"index":"index","follow":"follow","max-snippet":"max-snippet:-1","max-image-preview":"max-image-preview:large","max-video-preview":"max-video-preview:-1"},"canonical":"https:\/\/svetlananailsacademy.ro\/en\/contact-2\/","og_locale":"en_US","og_type":"article","og_title":"Contact - Svetlana Nails Academy","og_description":"Contact Facebook Instagram Loca\u021bia noastr\u0103 Giroc, str. Iris, nr.8 Num\u0103r contact 0752 121 407 L\u0103sa\u021bi-ne un mail manumarip@yahoo.com Trimite-\u021bi un mesaj Pentru orice informatii va stam la dispozitie prin completarea formularului de mai jos. Please enable JavaScript in your browser to complete this form.Nume \u0219i Prenume *Adres\u0103 email *Num\u0103r contact *Mesajul tau * Trimite","og_url":"https:\/\/svetlananailsacademy.ro\/en\/contact-2\/","og_site_name":"Svetlana Nails Academy","article_publisher":"https:\/\/www.facebook.com\/SvetlanaAcademy","article_modified_time":"2026-02-25T09:07:50+00:00","og_image":[{"width":1678,"height":1181,"url":"https:\/\/svetlananailsacademy.ro\/wp-content\/uploads\/2022\/03\/svetlana-png.png","type":"image\/png"}],"twitter_card":"summary_large_image","twitter_misc":{"Est. reading time":"1 minute"},"schema":{"@context":"https:\/\/schema.org","@graph":[{"@type":"WebPage","@id":"https:\/\/svetlananailsacademy.ro\/contact-2\/","url":"https:\/\/svetlananailsacademy.ro\/contact-2\/","name":"Contact - Svetlana Nails Academy","isPartOf":{"@id":"https:\/\/svetlananailsacademy.ro\/#website"},"datePublished":"2020-10-22T04:48:21+00:00","dateModified":"2026-02-25T09:07:50+00:00","breadcrumb":{"@id":"https:\/\/svetlananailsacademy.ro\/contact-2\/#breadcrumb"},"inLanguage":"en-US","potentialAction":[{"@type":"ReadAction","target":["https:\/\/svetlananailsacademy.ro\/contact-2\/"]}]},{"@type":"BreadcrumbList","@id":"https:\/\/svetlananailsacademy.ro\/contact-2\/#breadcrumb","itemListElement":[{"@type":"ListItem","position":1,"name":"Prima pagin\u0103","item":"https:\/\/svetlananailsacademy.ro\/"},{"@type":"ListItem","position":2,"name":"Contact"}]},{"@type":"WebSite","@id":"https:\/\/svetlananailsacademy.ro\/#website","url":"https:\/\/svetlananailsacademy.ro\/","name":"Svetlana Nails Academy","description":"Svetlana Nails Timisoara","publisher":{"@id":"https:\/\/svetlananailsacademy.ro\/#organization"},"potentialAction":[{"@type":"SearchAction","target":{"@type":"EntryPoint","urlTemplate":"https:\/\/svetlananailsacademy.ro\/?s={search_term_string}"},"query-input":{"@type":"PropertyValueSpecification","valueRequired":true,"valueName":"search_term_string"}}],"inLanguage":"en-US"},{"@type":"Organization","@id":"https:\/\/svetlananailsacademy.ro\/#organization","name":"Svetlana Nails Academy","url":"https:\/\/svetlananailsacademy.ro\/","logo":{"@type":"ImageObject","inLanguage":"en-US","@id":"https:\/\/svetlananailsacademy.ro\/#\/schema\/logo\/image\/","url":"https:\/\/svetlananailsacademy.ro\/wp-content\/uploads\/2022\/03\/svetlana-png.png","contentUrl":"https:\/\/svetlananailsacademy.ro\/wp-content\/uploads\/2022\/03\/svetlana-png.png","width":1678,"height":1181,"caption":"Svetlana Nails Academy"},"image":{"@id":"https:\/\/svetlananailsacademy.ro\/#\/schema\/logo\/image\/"},"sameAs":["https:\/\/www.facebook.com\/SvetlanaAcademy","https:\/\/www.instagram.com\/svetlananailsacademy\/"]}]}},"_links":{"self":[{"href":"https:\/\/svetlananailsacademy.ro\/en\/wp-json\/wp\/v2\/pages\/1750","targetHints":{"allow":["GET"]}}],"collection":[{"href":"https:\/\/svetlananailsacademy.ro\/en\/wp-json\/wp\/v2\/pages"}],"about":[{"href":"https:\/\/svetlananailsacademy.ro\/en\/wp-json\/wp\/v2\/types\/page"}],"author":[{"embeddable":true,"href":"https:\/\/svetlananailsacademy.ro\/en\/wp-json\/wp\/v2\/users\/2"}],"replies":[{"embeddable":true,"href":"https:\/\/svetlananailsacademy.ro\/en\/wp-json\/wp\/v2\/comments?post=1750"}],"version-history":[{"count":25,"href":"https:\/\/svetlananailsacademy.ro\/en\/wp-json\/wp\/v2\/pages\/1750\/revisions"}],"predecessor-version":[{"id":2587,"href":"https:\/\/svetlananailsacademy.ro\/en\/wp-json\/wp\/v2\/pages\/1750\/revisions\/2587"}],"wp:attachment":[{"href":"https:\/\/svetlananailsacademy.ro\/en\/wp-json\/wp\/v2\/media?parent=1750"}],"curies":[{"name":"wp","href":"https:\/\/api.w.org\/{rel}","templated":true}]}}