{"id":1057,"date":"2021-10-28T08:11:47","date_gmt":"2021-10-28T08:11:47","guid":{"rendered":"https:\/\/svetlananailsacademy.ro\/?page_id=1057"},"modified":"2022-02-02T08:53:20","modified_gmt":"2022-02-02T08:53:20","slug":"politica-de-inscriere","status":"publish","type":"page","link":"https:\/\/svetlananailsacademy.ro\/en\/politica-de-inscriere\/","title":{"rendered":"Politica de \u00eenscriere"},"content":{"rendered":"<p>Inscrierea poate fi realizata prin achizi\u021bionarea cursurilor folosind website-ul nostru, sec\u021biunea<strong> CURSURI.<\/strong><\/p>\n\n\n\n<p>\u00cen limita locurilor disponibile afi\u0219ate pe site, cursantul rezerv\u0103 \u00een mod automat locul la cursul dorit, numai dup\u0103 ce plata a fost efectuat\u0103 online, cu cardul, pentru cursul respectiv.<\/p>\n\n\n\n<p>Inainte de a v\u0103 inscrie \u0219i de a achita cursul, v\u0103 rugam sa cititi cu atentie detaliile: denumire curs, data de incepere, durata, localitatea de desfasurare si numar maxim de locuri la curs.<\/p>\n\n\n\n<p>Cursurile se desf\u0103\u0219oar\u0103 \u00een format fizic \u00een localit\u0103\u021bile afi\u0219ate pe website pentru fiecare curs \u00een parte.<\/p>\n\n\n\n<p><strong>Politic\u0103 de livrare<\/strong><\/p>\n\n\n\n<p>Utilizatorii intr\u0103 \u00een posesia cursurilor imediat dup\u0103 ce plata este efectuat\u0103, ace\u0219tia av\u00e2nd locul rezervat pentru cursul achitat prin intermediul website-ului.<\/p>\n\n\n\n<p>Ace\u0219tia primesc un mail de confirmare at\u00e2t pentru plata efectuat\u0103 c\u00e2t \u0219i pentru \u00eenscrierea la curs. Participan\u021bii la cursuri vor fi contacta\u021bi \u00een prealabil \u00eenainte de \u00eenceperea cursurilor fizice c\u00e2t \u0219i pentru cele online pentru a le oferi toate detaliile.<\/p>","protected":false},"excerpt":{"rendered":"<p>Inscrierea poate fi realizata prin achizi\u021bionarea cursurilor folosind website-ul nostru, sec\u021biunea CURSURI. \u00cen limita locurilor disponibile afi\u0219ate pe site, cursantul rezerv\u0103 \u00een mod automat locul la cursul dorit, numai dup\u0103 ce plata a fost efectuat\u0103 online, cu cardul, pentru cursul respectiv. Inainte de a v\u0103 inscrie \u0219i de a achita cursul, v\u0103 rugam sa cititi &hellip;<\/p>\n<p class=\"read-more\"> <a class=\"\" href=\"https:\/\/svetlananailsacademy.ro\/en\/politica-de-inscriere\/\"> <span class=\"screen-reader-text\">Politica de \u00eenscriere<\/span> Read More &raquo;<\/a><\/p>","protected":false},"author":2,"featured_media":0,"parent":0,"menu_order":0,"comment_status":"closed","ping_status":"closed","template":"","meta":{"site-sidebar-layout":"default","site-content-layout":"default","ast-global-header-display":"","ast-main-header-display":"","ast-hfb-above-header-display":"","ast-hfb-below-header-display":"","ast-hfb-mobile-header-display":"","site-post-title":"","ast-breadcrumbs-content":"","ast-featured-img":"","footer-sml-layout":"","theme-transparent-header-meta":"","adv-header-id-meta":"","stick-header-meta":"","header-above-stick-meta":"","header-main-stick-meta":"","header-below-stick-meta":"","footnotes":""},"class_list":["post-1057","page","type-page","status-publish","hentry"],"yoast_head":"<!-- This site is optimized with the Yoast SEO plugin v27.0 - https:\/\/yoast.com\/product\/yoast-seo-wordpress\/ -->\n<title>Politica de \u00eenscriere - Svetlana Nails Academy<\/title>\n<meta name=\"robots\" content=\"index, follow, max-snippet:-1, max-image-preview:large, max-video-preview:-1\" \/>\n<link rel=\"canonical\" href=\"https:\/\/svetlananailsacademy.ro\/en\/politica-de-inscriere\/\" \/>\n<meta property=\"og:locale\" content=\"en_US\" \/>\n<meta property=\"og:type\" content=\"article\" \/>\n<meta property=\"og:title\" content=\"Politica de \u00eenscriere - Svetlana Nails Academy\" \/>\n<meta property=\"og:description\" content=\"Inscrierea poate fi realizata prin achizi\u021bionarea cursurilor folosind website-ul nostru, sec\u021biunea CURSURI. \u00cen limita locurilor disponibile afi\u0219ate pe site, cursantul rezerv\u0103 \u00een mod automat locul la cursul dorit, numai dup\u0103 ce plata a fost efectuat\u0103 online, cu cardul, pentru cursul respectiv. Inainte de a v\u0103 inscrie \u0219i de a achita cursul, v\u0103 rugam sa cititi &hellip; Politica de \u00eenscriere Read More &raquo;\" \/>\n<meta property=\"og:url\" content=\"https:\/\/svetlananailsacademy.ro\/en\/politica-de-inscriere\/\" \/>\n<meta property=\"og:site_name\" content=\"Svetlana Nails Academy\" \/>\n<meta property=\"article:publisher\" content=\"https:\/\/www.facebook.com\/SvetlanaAcademy\" \/>\n<meta property=\"article:modified_time\" content=\"2022-02-02T08:53:20+00:00\" \/>\n<meta property=\"og:image\" content=\"https:\/\/svetlananailsacademy.ro\/wp-content\/uploads\/2022\/03\/svetlana-png.png\" \/>\n\t<meta property=\"og:image:width\" content=\"1678\" \/>\n\t<meta property=\"og:image:height\" content=\"1181\" \/>\n\t<meta property=\"og:image:type\" content=\"image\/png\" \/>\n<meta name=\"twitter:card\" content=\"summary_large_image\" \/>\n<meta name=\"twitter:label1\" content=\"Est. reading time\" \/>\n\t<meta name=\"twitter:data1\" content=\"1 minute\" \/>\n<script type=\"application\/ld+json\" class=\"yoast-schema-graph\">{\"@context\":\"https:\/\/schema.org\",\"@graph\":[{\"@type\":\"WebPage\",\"@id\":\"https:\/\/svetlananailsacademy.ro\/politica-de-inscriere\/\",\"url\":\"https:\/\/svetlananailsacademy.ro\/politica-de-inscriere\/\",\"name\":\"Politica de \u00eenscriere - Svetlana Nails Academy\",\"isPartOf\":{\"@id\":\"https:\/\/svetlananailsacademy.ro\/#website\"},\"datePublished\":\"2021-10-28T08:11:47+00:00\",\"dateModified\":\"2022-02-02T08:53:20+00:00\",\"breadcrumb\":{\"@id\":\"https:\/\/svetlananailsacademy.ro\/politica-de-inscriere\/#breadcrumb\"},\"inLanguage\":\"en-US\",\"potentialAction\":[{\"@type\":\"ReadAction\",\"target\":[\"https:\/\/svetlananailsacademy.ro\/politica-de-inscriere\/\"]}]},{\"@type\":\"BreadcrumbList\",\"@id\":\"https:\/\/svetlananailsacademy.ro\/politica-de-inscriere\/#breadcrumb\",\"itemListElement\":[{\"@type\":\"ListItem\",\"position\":1,\"name\":\"Prima pagin\u0103\",\"item\":\"https:\/\/svetlananailsacademy.ro\/\"},{\"@type\":\"ListItem\",\"position\":2,\"name\":\"Politica de \u00eenscriere\"}]},{\"@type\":\"WebSite\",\"@id\":\"https:\/\/svetlananailsacademy.ro\/#website\",\"url\":\"https:\/\/svetlananailsacademy.ro\/\",\"name\":\"Svetlana Nails Academy\",\"description\":\"Svetlana Nails Timisoara\",\"publisher\":{\"@id\":\"https:\/\/svetlananailsacademy.ro\/#organization\"},\"potentialAction\":[{\"@type\":\"SearchAction\",\"target\":{\"@type\":\"EntryPoint\",\"urlTemplate\":\"https:\/\/svetlananailsacademy.ro\/?s={search_term_string}\"},\"query-input\":{\"@type\":\"PropertyValueSpecification\",\"valueRequired\":true,\"valueName\":\"search_term_string\"}}],\"inLanguage\":\"en-US\"},{\"@type\":\"Organization\",\"@id\":\"https:\/\/svetlananailsacademy.ro\/#organization\",\"name\":\"Svetlana Nails Academy\",\"url\":\"https:\/\/svetlananailsacademy.ro\/\",\"logo\":{\"@type\":\"ImageObject\",\"inLanguage\":\"en-US\",\"@id\":\"https:\/\/svetlananailsacademy.ro\/#\/schema\/logo\/image\/\",\"url\":\"https:\/\/svetlananailsacademy.ro\/wp-content\/uploads\/2022\/03\/svetlana-png.png\",\"contentUrl\":\"https:\/\/svetlananailsacademy.ro\/wp-content\/uploads\/2022\/03\/svetlana-png.png\",\"width\":1678,\"height\":1181,\"caption\":\"Svetlana Nails Academy\"},\"image\":{\"@id\":\"https:\/\/svetlananailsacademy.ro\/#\/schema\/logo\/image\/\"},\"sameAs\":[\"https:\/\/www.facebook.com\/SvetlanaAcademy\",\"https:\/\/www.instagram.com\/svetlananailsacademy\/\"]}]}<\/script>\n<!-- \/ Yoast SEO plugin. -->","yoast_head_json":{"title":"Politica de \u00eenscriere - Svetlana Nails Academy","robots":{"index":"index","follow":"follow","max-snippet":"max-snippet:-1","max-image-preview":"max-image-preview:large","max-video-preview":"max-video-preview:-1"},"canonical":"https:\/\/svetlananailsacademy.ro\/en\/politica-de-inscriere\/","og_locale":"en_US","og_type":"article","og_title":"Politica de \u00eenscriere - Svetlana Nails Academy","og_description":"Inscrierea poate fi realizata prin achizi\u021bionarea cursurilor folosind website-ul nostru, sec\u021biunea CURSURI. \u00cen limita locurilor disponibile afi\u0219ate pe site, cursantul rezerv\u0103 \u00een mod automat locul la cursul dorit, numai dup\u0103 ce plata a fost efectuat\u0103 online, cu cardul, pentru cursul respectiv. Inainte de a v\u0103 inscrie \u0219i de a achita cursul, v\u0103 rugam sa cititi &hellip; Politica de \u00eenscriere Read More &raquo;","og_url":"https:\/\/svetlananailsacademy.ro\/en\/politica-de-inscriere\/","og_site_name":"Svetlana Nails Academy","article_publisher":"https:\/\/www.facebook.com\/SvetlanaAcademy","article_modified_time":"2022-02-02T08:53:20+00:00","og_image":[{"width":1678,"height":1181,"url":"https:\/\/svetlananailsacademy.ro\/wp-content\/uploads\/2022\/03\/svetlana-png.png","type":"image\/png"}],"twitter_card":"summary_large_image","twitter_misc":{"Est. reading time":"1 minute"},"schema":{"@context":"https:\/\/schema.org","@graph":[{"@type":"WebPage","@id":"https:\/\/svetlananailsacademy.ro\/politica-de-inscriere\/","url":"https:\/\/svetlananailsacademy.ro\/politica-de-inscriere\/","name":"Politica de \u00eenscriere - Svetlana Nails Academy","isPartOf":{"@id":"https:\/\/svetlananailsacademy.ro\/#website"},"datePublished":"2021-10-28T08:11:47+00:00","dateModified":"2022-02-02T08:53:20+00:00","breadcrumb":{"@id":"https:\/\/svetlananailsacademy.ro\/politica-de-inscriere\/#breadcrumb"},"inLanguage":"en-US","potentialAction":[{"@type":"ReadAction","target":["https:\/\/svetlananailsacademy.ro\/politica-de-inscriere\/"]}]},{"@type":"BreadcrumbList","@id":"https:\/\/svetlananailsacademy.ro\/politica-de-inscriere\/#breadcrumb","itemListElement":[{"@type":"ListItem","position":1,"name":"Prima pagin\u0103","item":"https:\/\/svetlananailsacademy.ro\/"},{"@type":"ListItem","position":2,"name":"Politica de \u00eenscriere"}]},{"@type":"WebSite","@id":"https:\/\/svetlananailsacademy.ro\/#website","url":"https:\/\/svetlananailsacademy.ro\/","name":"Svetlana Nails Academy","description":"Svetlana Nails Timisoara","publisher":{"@id":"https:\/\/svetlananailsacademy.ro\/#organization"},"potentialAction":[{"@type":"SearchAction","target":{"@type":"EntryPoint","urlTemplate":"https:\/\/svetlananailsacademy.ro\/?s={search_term_string}"},"query-input":{"@type":"PropertyValueSpecification","valueRequired":true,"valueName":"search_term_string"}}],"inLanguage":"en-US"},{"@type":"Organization","@id":"https:\/\/svetlananailsacademy.ro\/#organization","name":"Svetlana Nails Academy","url":"https:\/\/svetlananailsacademy.ro\/","logo":{"@type":"ImageObject","inLanguage":"en-US","@id":"https:\/\/svetlananailsacademy.ro\/#\/schema\/logo\/image\/","url":"https:\/\/svetlananailsacademy.ro\/wp-content\/uploads\/2022\/03\/svetlana-png.png","contentUrl":"https:\/\/svetlananailsacademy.ro\/wp-content\/uploads\/2022\/03\/svetlana-png.png","width":1678,"height":1181,"caption":"Svetlana Nails Academy"},"image":{"@id":"https:\/\/svetlananailsacademy.ro\/#\/schema\/logo\/image\/"},"sameAs":["https:\/\/www.facebook.com\/SvetlanaAcademy","https:\/\/www.instagram.com\/svetlananailsacademy\/"]}]}},"_links":{"self":[{"href":"https:\/\/svetlananailsacademy.ro\/en\/wp-json\/wp\/v2\/pages\/1057","targetHints":{"allow":["GET"]}}],"collection":[{"href":"https:\/\/svetlananailsacademy.ro\/en\/wp-json\/wp\/v2\/pages"}],"about":[{"href":"https:\/\/svetlananailsacademy.ro\/en\/wp-json\/wp\/v2\/types\/page"}],"author":[{"embeddable":true,"href":"https:\/\/svetlananailsacademy.ro\/en\/wp-json\/wp\/v2\/users\/2"}],"replies":[{"embeddable":true,"href":"https:\/\/svetlananailsacademy.ro\/en\/wp-json\/wp\/v2\/comments?post=1057"}],"version-history":[{"count":8,"href":"https:\/\/svetlananailsacademy.ro\/en\/wp-json\/wp\/v2\/pages\/1057\/revisions"}],"predecessor-version":[{"id":1891,"href":"https:\/\/svetlananailsacademy.ro\/en\/wp-json\/wp\/v2\/pages\/1057\/revisions\/1891"}],"wp:attachment":[{"href":"https:\/\/svetlananailsacademy.ro\/en\/wp-json\/wp\/v2\/media?parent=1057"}],"curies":[{"name":"wp","href":"https:\/\/api.w.org\/{rel}","templated":true}]}}