{"id":1051,"date":"2021-10-27T11:20:50","date_gmt":"2021-10-27T11:20:50","guid":{"rendered":"https:\/\/svetlananailsacademy.ro\/?page_id=1051"},"modified":"2022-02-02T08:50:50","modified_gmt":"2022-02-02T08:50:50","slug":"politica-de-plata","status":"publish","type":"page","link":"https:\/\/svetlananailsacademy.ro\/en\/politica-de-plata\/","title":{"rendered":"Politica de plat\u0103"},"content":{"rendered":"<p><strong>1. Plata online cu cardul<\/strong><br>Se poate efectua plata cu cardul personal sau cu cardul de business, \u00een aceleasi condi\u0163ii de siguran\u0163\u0103 deplin\u0103. Cardurile acceptate sunt cele emise sub siglele VISA (Classic si Electron) si MASTERCARD (inclusiv Maestro, dac\u0103 au cod CVV2\/CVC2).<br>Nu se percepe niciun comision suplimentar pentru tranzac\u0163ii.<br>Pentrua sigurarea securit\u0103\u0163ii tranzac\u0163iilor www.svetlananailsacademy.ro folose\u015fte platforma NETOPIA Payments.<\/p>\n\n\n\n<p>Pentru finalizarea corect\u0103 a tranzac\u0163iei, trebuie introduse datele necesare autoriz\u0103rii tranzac\u0163iei \u00een platforma de pl\u0103\u0163i.<br>\u00cen cazul \u00een care cardul este asociat unui cont \u00een alt\u0103 moned\u0103 dec\u00e2t LEI, tranzac\u0163iile se efectueaz\u0103 \u00een lei, la cursul de schimb al b\u0103ncii emitente pentru cardul respectiv.<\/p>\n\n\n\n<p>Procesarea datelor de card se face \u00een mod exclusiv prin intermediul platformei de plat\u0103 NETOPIA Payments. S.C Svetlana Nails S.R.L\u200b\u00a0nu solicit\u0103 \u015fi nu stocheaz\u0103 niciun fel de detalii referitoare la cardul dumneavoastr\u0103.<\/p>","protected":false},"excerpt":{"rendered":"<p>1. Plata online cu cardulSe poate efectua plata cu cardul personal sau cu cardul de business, \u00een aceleasi condi\u0163ii de siguran\u0163\u0103 deplin\u0103. Cardurile acceptate sunt cele emise sub siglele VISA (Classic si Electron) si MASTERCARD (inclusiv Maestro, dac\u0103 au cod CVV2\/CVC2).Nu se percepe niciun comision suplimentar pentru tranzac\u0163ii.Pentrua sigurarea securit\u0103\u0163ii tranzac\u0163iilor www.svetlananailsacademy.ro folose\u015fte platforma NETOPIA &hellip;<\/p>\n<p class=\"read-more\"> <a class=\"\" href=\"https:\/\/svetlananailsacademy.ro\/en\/politica-de-plata\/\"> <span class=\"screen-reader-text\">Politica de plat\u0103<\/span> Read More &raquo;<\/a><\/p>","protected":false},"author":2,"featured_media":0,"parent":0,"menu_order":0,"comment_status":"closed","ping_status":"closed","template":"","meta":{"site-sidebar-layout":"default","site-content-layout":"default","ast-global-header-display":"","ast-main-header-display":"","ast-hfb-above-header-display":"","ast-hfb-below-header-display":"","ast-hfb-mobile-header-display":"","site-post-title":"","ast-breadcrumbs-content":"","ast-featured-img":"","footer-sml-layout":"","theme-transparent-header-meta":"","adv-header-id-meta":"","stick-header-meta":"","header-above-stick-meta":"","header-main-stick-meta":"","header-below-stick-meta":"","footnotes":""},"class_list":["post-1051","page","type-page","status-publish","hentry"],"yoast_head":"<!-- This site is optimized with the Yoast SEO plugin v27.0 - https:\/\/yoast.com\/product\/yoast-seo-wordpress\/ -->\n<title>Politica de plat\u0103 - Svetlana Nails Academy<\/title>\n<meta name=\"robots\" content=\"index, follow, max-snippet:-1, max-image-preview:large, max-video-preview:-1\" \/>\n<link rel=\"canonical\" href=\"https:\/\/svetlananailsacademy.ro\/en\/politica-de-plata\/\" \/>\n<meta property=\"og:locale\" content=\"en_US\" \/>\n<meta property=\"og:type\" content=\"article\" \/>\n<meta property=\"og:title\" content=\"Politica de plat\u0103 - Svetlana Nails Academy\" \/>\n<meta property=\"og:description\" content=\"1. Plata online cu cardulSe poate efectua plata cu cardul personal sau cu cardul de business, \u00een aceleasi condi\u0163ii de siguran\u0163\u0103 deplin\u0103. Cardurile acceptate sunt cele emise sub siglele VISA (Classic si Electron) si MASTERCARD (inclusiv Maestro, dac\u0103 au cod CVV2\/CVC2).Nu se percepe niciun comision suplimentar pentru tranzac\u0163ii.Pentrua sigurarea securit\u0103\u0163ii tranzac\u0163iilor www.svetlananailsacademy.ro folose\u015fte platforma NETOPIA &hellip; Politica de plat\u0103 Read More &raquo;\" \/>\n<meta property=\"og:url\" content=\"https:\/\/svetlananailsacademy.ro\/en\/politica-de-plata\/\" \/>\n<meta property=\"og:site_name\" content=\"Svetlana Nails Academy\" \/>\n<meta property=\"article:publisher\" content=\"https:\/\/www.facebook.com\/SvetlanaAcademy\" \/>\n<meta property=\"article:modified_time\" content=\"2022-02-02T08:50:50+00:00\" \/>\n<meta property=\"og:image\" content=\"https:\/\/svetlananailsacademy.ro\/wp-content\/uploads\/2022\/03\/svetlana-png.png\" \/>\n\t<meta property=\"og:image:width\" content=\"1678\" \/>\n\t<meta property=\"og:image:height\" content=\"1181\" \/>\n\t<meta property=\"og:image:type\" content=\"image\/png\" \/>\n<meta name=\"twitter:card\" content=\"summary_large_image\" \/>\n<meta name=\"twitter:label1\" content=\"Est. reading time\" \/>\n\t<meta name=\"twitter:data1\" content=\"1 minute\" \/>\n<script type=\"application\/ld+json\" class=\"yoast-schema-graph\">{\"@context\":\"https:\/\/schema.org\",\"@graph\":[{\"@type\":\"WebPage\",\"@id\":\"https:\/\/svetlananailsacademy.ro\/politica-de-plata\/\",\"url\":\"https:\/\/svetlananailsacademy.ro\/politica-de-plata\/\",\"name\":\"Politica de plat\u0103 - Svetlana Nails Academy\",\"isPartOf\":{\"@id\":\"https:\/\/svetlananailsacademy.ro\/#website\"},\"datePublished\":\"2021-10-27T11:20:50+00:00\",\"dateModified\":\"2022-02-02T08:50:50+00:00\",\"breadcrumb\":{\"@id\":\"https:\/\/svetlananailsacademy.ro\/politica-de-plata\/#breadcrumb\"},\"inLanguage\":\"en-US\",\"potentialAction\":[{\"@type\":\"ReadAction\",\"target\":[\"https:\/\/svetlananailsacademy.ro\/politica-de-plata\/\"]}]},{\"@type\":\"BreadcrumbList\",\"@id\":\"https:\/\/svetlananailsacademy.ro\/politica-de-plata\/#breadcrumb\",\"itemListElement\":[{\"@type\":\"ListItem\",\"position\":1,\"name\":\"Prima pagin\u0103\",\"item\":\"https:\/\/svetlananailsacademy.ro\/\"},{\"@type\":\"ListItem\",\"position\":2,\"name\":\"Politica de plat\u0103\"}]},{\"@type\":\"WebSite\",\"@id\":\"https:\/\/svetlananailsacademy.ro\/#website\",\"url\":\"https:\/\/svetlananailsacademy.ro\/\",\"name\":\"Svetlana Nails Academy\",\"description\":\"Svetlana Nails Timisoara\",\"publisher\":{\"@id\":\"https:\/\/svetlananailsacademy.ro\/#organization\"},\"potentialAction\":[{\"@type\":\"SearchAction\",\"target\":{\"@type\":\"EntryPoint\",\"urlTemplate\":\"https:\/\/svetlananailsacademy.ro\/?s={search_term_string}\"},\"query-input\":{\"@type\":\"PropertyValueSpecification\",\"valueRequired\":true,\"valueName\":\"search_term_string\"}}],\"inLanguage\":\"en-US\"},{\"@type\":\"Organization\",\"@id\":\"https:\/\/svetlananailsacademy.ro\/#organization\",\"name\":\"Svetlana Nails Academy\",\"url\":\"https:\/\/svetlananailsacademy.ro\/\",\"logo\":{\"@type\":\"ImageObject\",\"inLanguage\":\"en-US\",\"@id\":\"https:\/\/svetlananailsacademy.ro\/#\/schema\/logo\/image\/\",\"url\":\"https:\/\/svetlananailsacademy.ro\/wp-content\/uploads\/2022\/03\/svetlana-png.png\",\"contentUrl\":\"https:\/\/svetlananailsacademy.ro\/wp-content\/uploads\/2022\/03\/svetlana-png.png\",\"width\":1678,\"height\":1181,\"caption\":\"Svetlana Nails Academy\"},\"image\":{\"@id\":\"https:\/\/svetlananailsacademy.ro\/#\/schema\/logo\/image\/\"},\"sameAs\":[\"https:\/\/www.facebook.com\/SvetlanaAcademy\",\"https:\/\/www.instagram.com\/svetlananailsacademy\/\"]}]}<\/script>\n<!-- \/ Yoast SEO plugin. -->","yoast_head_json":{"title":"Politica de plat\u0103 - Svetlana Nails Academy","robots":{"index":"index","follow":"follow","max-snippet":"max-snippet:-1","max-image-preview":"max-image-preview:large","max-video-preview":"max-video-preview:-1"},"canonical":"https:\/\/svetlananailsacademy.ro\/en\/politica-de-plata\/","og_locale":"en_US","og_type":"article","og_title":"Politica de plat\u0103 - Svetlana Nails Academy","og_description":"1. Plata online cu cardulSe poate efectua plata cu cardul personal sau cu cardul de business, \u00een aceleasi condi\u0163ii de siguran\u0163\u0103 deplin\u0103. Cardurile acceptate sunt cele emise sub siglele VISA (Classic si Electron) si MASTERCARD (inclusiv Maestro, dac\u0103 au cod CVV2\/CVC2).Nu se percepe niciun comision suplimentar pentru tranzac\u0163ii.Pentrua sigurarea securit\u0103\u0163ii tranzac\u0163iilor www.svetlananailsacademy.ro folose\u015fte platforma NETOPIA &hellip; Politica de plat\u0103 Read More &raquo;","og_url":"https:\/\/svetlananailsacademy.ro\/en\/politica-de-plata\/","og_site_name":"Svetlana Nails Academy","article_publisher":"https:\/\/www.facebook.com\/SvetlanaAcademy","article_modified_time":"2022-02-02T08:50:50+00:00","og_image":[{"width":1678,"height":1181,"url":"https:\/\/svetlananailsacademy.ro\/wp-content\/uploads\/2022\/03\/svetlana-png.png","type":"image\/png"}],"twitter_card":"summary_large_image","twitter_misc":{"Est. reading time":"1 minute"},"schema":{"@context":"https:\/\/schema.org","@graph":[{"@type":"WebPage","@id":"https:\/\/svetlananailsacademy.ro\/politica-de-plata\/","url":"https:\/\/svetlananailsacademy.ro\/politica-de-plata\/","name":"Politica de plat\u0103 - Svetlana Nails Academy","isPartOf":{"@id":"https:\/\/svetlananailsacademy.ro\/#website"},"datePublished":"2021-10-27T11:20:50+00:00","dateModified":"2022-02-02T08:50:50+00:00","breadcrumb":{"@id":"https:\/\/svetlananailsacademy.ro\/politica-de-plata\/#breadcrumb"},"inLanguage":"en-US","potentialAction":[{"@type":"ReadAction","target":["https:\/\/svetlananailsacademy.ro\/politica-de-plata\/"]}]},{"@type":"BreadcrumbList","@id":"https:\/\/svetlananailsacademy.ro\/politica-de-plata\/#breadcrumb","itemListElement":[{"@type":"ListItem","position":1,"name":"Prima pagin\u0103","item":"https:\/\/svetlananailsacademy.ro\/"},{"@type":"ListItem","position":2,"name":"Politica de plat\u0103"}]},{"@type":"WebSite","@id":"https:\/\/svetlananailsacademy.ro\/#website","url":"https:\/\/svetlananailsacademy.ro\/","name":"Svetlana Nails Academy","description":"Svetlana Nails Timisoara","publisher":{"@id":"https:\/\/svetlananailsacademy.ro\/#organization"},"potentialAction":[{"@type":"SearchAction","target":{"@type":"EntryPoint","urlTemplate":"https:\/\/svetlananailsacademy.ro\/?s={search_term_string}"},"query-input":{"@type":"PropertyValueSpecification","valueRequired":true,"valueName":"search_term_string"}}],"inLanguage":"en-US"},{"@type":"Organization","@id":"https:\/\/svetlananailsacademy.ro\/#organization","name":"Svetlana Nails Academy","url":"https:\/\/svetlananailsacademy.ro\/","logo":{"@type":"ImageObject","inLanguage":"en-US","@id":"https:\/\/svetlananailsacademy.ro\/#\/schema\/logo\/image\/","url":"https:\/\/svetlananailsacademy.ro\/wp-content\/uploads\/2022\/03\/svetlana-png.png","contentUrl":"https:\/\/svetlananailsacademy.ro\/wp-content\/uploads\/2022\/03\/svetlana-png.png","width":1678,"height":1181,"caption":"Svetlana Nails Academy"},"image":{"@id":"https:\/\/svetlananailsacademy.ro\/#\/schema\/logo\/image\/"},"sameAs":["https:\/\/www.facebook.com\/SvetlanaAcademy","https:\/\/www.instagram.com\/svetlananailsacademy\/"]}]}},"_links":{"self":[{"href":"https:\/\/svetlananailsacademy.ro\/en\/wp-json\/wp\/v2\/pages\/1051","targetHints":{"allow":["GET"]}}],"collection":[{"href":"https:\/\/svetlananailsacademy.ro\/en\/wp-json\/wp\/v2\/pages"}],"about":[{"href":"https:\/\/svetlananailsacademy.ro\/en\/wp-json\/wp\/v2\/types\/page"}],"author":[{"embeddable":true,"href":"https:\/\/svetlananailsacademy.ro\/en\/wp-json\/wp\/v2\/users\/2"}],"replies":[{"embeddable":true,"href":"https:\/\/svetlananailsacademy.ro\/en\/wp-json\/wp\/v2\/comments?post=1051"}],"version-history":[{"count":4,"href":"https:\/\/svetlananailsacademy.ro\/en\/wp-json\/wp\/v2\/pages\/1051\/revisions"}],"predecessor-version":[{"id":1889,"href":"https:\/\/svetlananailsacademy.ro\/en\/wp-json\/wp\/v2\/pages\/1051\/revisions\/1889"}],"wp:attachment":[{"href":"https:\/\/svetlananailsacademy.ro\/en\/wp-json\/wp\/v2\/media?parent=1051"}],"curies":[{"name":"wp","href":"https:\/\/api.w.org\/{rel}","templated":true}]}}